{"id":33,"date":"2021-02-26T14:51:07","date_gmt":"2021-02-26T13:51:07","guid":{"rendered":"http:\/\/192.168.17.40:8080\/?page_id=33"},"modified":"2021-02-26T14:51:07","modified_gmt":"2021-02-26T13:51:07","slug":"integritetspolicy-2","status":"publish","type":"page","link":"https:\/\/eosab.se\/?page_id=33","title":{"rendered":"Integritetspolicy"},"content":{"rendered":"\n<p><strong>Ekstr\u00f6m &amp; S\u00f6ner Integritetspolicy G\u00e4ller fr.o.m. 2018-05-25<\/strong><br><br>P\u00e5 Ekstr\u00f6m &amp; S\u00f6ner AB v\u00e4rnar vi om din personliga integritet och efterstr\u00e4var alltid en h\u00f6g<br>niv\u00e5 av dataskydd (t.ex.skulle vi aldrig s\u00e4lja dina personuppgifter till ett annat f\u00f6retag). Denna<br>integritetspolicy f\u00f6rklarar hur vi samlar in och anv\u00e4nder din personliga information. Den<br>beskriver ocks\u00e5 dina r\u00e4ttigheter och hur du kan g\u00f6ra dem g\u00e4llande. Det \u00e4r viktigt att du tar del<br>av och f\u00f6rst\u00e5r integritetspolicyn och k\u00e4nner dig trygg i v\u00e5r behandling av dina<br>personuppgifter. Du \u00e4r alltid v\u00e4lkommen att kontakta oss vid eventuella fr\u00e5gor.<br><br><strong>Vad \u00e4r en personuppgift och vad \u00e4r en behandling av personuppgifter?<\/strong><br>Personuppgifter \u00e4r all slags information som direkt eller indirekt kan h\u00e4nf\u00f6ras till en fysisk<br>person som \u00e4r i livet. T.ex kan bilder och ljudupptagningar som behandlas i dator vara<br>personuppgifter \u00e4ven om inga namn n\u00e4mns. Krypterade uppgifter och olika slags elektroniska<br>identiteter (t.ex. IP-nummer) \u00e4r personuppgifter ifall de kan kopplas till fysiska personer.<br>Behandling av personuppgifter \u00e4r allt som sker med personuppgifterna. Varje \u00e5tg\u00e4rd som<br>vidtas med personuppgifter utg\u00f6r en behandling, oberoende av om den utf\u00f6rs automatiserat<br>eller ej. Exempel p\u00e5 vanliga behandlingar \u00e4r insamling, registrering, organisering,<br>strukturering, lagring, bearbetning, \u00f6verf\u00f6ring och radering.<br><br><strong>Vem \u00e4r ansvarig f\u00f6r de personuppgifter vi samlar in?<\/strong><br>Ekstr\u00f6m &amp; S\u00f6ner AB, org.nr 556568-9063 Stors\u00e4tragr\u00e4nd 6, 127 39 Sk\u00e4rholmen, \u00e4r<br>personuppgiftsansvarig f\u00f6r f\u00f6retagets behandling av personuppgifter.<\/p>\n\n\n\n<p><strong>Hur hanterar vi personnummer?<\/strong><br>Vi kommer bara att behandla ditt personnummer n\u00e4r det \u00e4r klart motiverat med h\u00e4nsyn till<br>\u00e4ndam\u00e5let, n\u00f6dv\u00e4ndigt f\u00f6r s\u00e4ker identifiering eller om det finns n\u00e5got annat beaktansv\u00e4rt<br>sk\u00e4l. Vi minimerar alltid anv\u00e4ndandet av ditt personnummer i s\u00e5 stor utstr\u00e4ckning som<br>m\u00f6jligt.<br>Vi lagrar dina uppgifter s\u00e5 l\u00e4nge du \u00e4r kund hos oss.<br><br><strong>Hur skyddas dina personuppgifter?<\/strong><br>Vi anv\u00e4nder IT-system f\u00f6r att skydda sekretessen, integriteten och tillg\u00e5ngen till<br>personuppgifter. Vi har vidtagit s\u00e4rskilda s\u00e4kerhets\u00e5tg\u00e4rder f\u00f6r att skydda dina<br>personuppgifter mot olovlig eller obeh\u00f6rig behandling (s\u00e5som olovlig tillg\u00e5ng, f\u00f6rlust,<br>f\u00f6rst\u00f6relse eller skada). Endast de personer som faktiskt beh\u00f6ver<br>behandla dina personuppgifter f\u00f6r att vi ska kunna uppfylla v\u00e5ra angivna \u00e4ndam\u00e5l har tillg\u00e5ng<br>till dem.<br><br><strong>Fr\u00e5n vilka k\u00e4llor h\u00e4mtar vi dina personuppgifter?<\/strong><br>Ut\u00f6ver de uppgifter du sj\u00e4lv l\u00e4mnar till oss, eller som vi samlar in fr\u00e5n dig utifr\u00e5n dina k\u00f6p och<br>hur du anv\u00e4nder v\u00e5ra tj\u00e4nster, kan vi ocks\u00e5 komma att samla in personuppgifter fr\u00e5n n\u00e5gon<br>annan (s.k. tredjepart). De uppgifter vi samlar in fr\u00e5n tredje part \u00e4r f\u00f6ljande:<br><br>1) Adressuppgifter fr\u00e5n offentliga register f\u00f6r att vara s\u00e4kra p\u00e5 att vi har r\u00e4tt adressuppgifter<br>till dig.<br>2) Uppgifter om kreditv\u00e4rdighet fr\u00e5n kreditv\u00e4rderingsinstitut, banker eller upplysningsf\u00f6retag.<br><br><strong>Vilka kan vi komma att dela dina personuppgifter med?<\/strong><br>Personuppgiftsbitr\u00e4den. I de fall det \u00e4r n\u00f6dv\u00e4ndigt f\u00f6r att vi ska kunna erbjuda v\u00e5ra tj\u00e4nster<br>delar vi dina personuppgifter med f\u00f6retag som \u00e4r s.k. personuppgiftsbitr\u00e4den f\u00f6r oss. Ett<br>personuppgiftsbitr\u00e4de \u00e4r ett f\u00f6retag som behandlar informationen f\u00f6r v\u00e5r r\u00e4kning och enligt<br>v\u00e5ra instruktioner. Vi har personuppgiftsbitr\u00e4den som hj\u00e4lper oss med:<br>1) Transporter (logistikf\u00f6retag och spedit\u00f6rer).<br>2) Marknadsf\u00f6ring (print och distribution, sociala medier, mediebyr\u00e5er eller reklambyr\u00e5er).<br>3) IT-tj\u00e4nster (f\u00f6retag som hanterar n\u00f6dv\u00e4ndig drift, teknisk support och underh\u00e5ll av v\u00e5ra ITl\u00f6sningar).<br><br><strong>Vad inneb\u00e4r det att Datainspektionen \u00e4r tillsynsmyndighet?<\/strong><br>Datainspektionen \u00e4r ansvarig f\u00f6r att \u00f6vervaka till\u00e4mpningen av lagstiftningen, och den som<br>anser att ett f\u00f6retag hanterar personuppgifter p\u00e5 ett felaktigt s\u00e4tt kan l\u00e4mna in ett klagom\u00e5l<br>till Datainspektionen.<br><br><strong>Hur kontaktar du oss l\u00e4ttast vid fr\u00e5gor om dataskydd?<\/strong><br>Du \u00e4r alltid v\u00e4lkommen med fr\u00e5gor till oss g\u00e4llande dina personuppgifter.<br>Vi kan komma att g\u00f6ra \u00e4ndringar i v\u00e5r integritetspolicy. Den senaste versionen av<br>integritetspolicyn finns alltid h\u00e4r p\u00e5 webbplatsen. Vid uppdateringar som \u00e4r av avg\u00f6rande<br>betydelse f\u00f6r v\u00e5r behandling av personuppgifter (exempelvis \u00e4ndring av angivna \u00e4ndam\u00e5l eller<br>kategorier av personuppgifter) eller uppdateringar som inte \u00e4r avg\u00f6rande betydelse f\u00f6r behandlingen<br>men som kan vara av avg\u00f6rande betydelse f\u00f6r dig, kommer du att f\u00e5 information p\u00e5 ekstrom-soner.se<br>och via epost (ifall du har angivet e-post) i god tid innan uppdateringarna b\u00f6rjar g\u00e4lla. N\u00e4r vi<br>tillg\u00e4ngligg\u00f6r information om uppdateringar kommer vi \u00e4ven att f\u00f6rklara inneb\u00f6rden av<br>uppdateringarna och hur de kan p\u00e5verka dig.<br><br>Integritetspolicyn uppdaterades 2021-03-17<\/p>\n","protected":false},"excerpt":{"rendered":"<p>Ekstr\u00f6m &amp; S\u00f6ner Integritetspolicy G\u00e4ller fr.o.m. 2018-05-25 P\u00e5 Ekstr\u00f6m &amp; S\u00f6ner AB v\u00e4rnar vi om din personliga integritet och efterstr\u00e4var alltid en h\u00f6gniv\u00e5 av dataskydd (t.ex.skulle vi aldrig s\u00e4lja dina personuppgifter till ett annat f\u00f6retag). Dennaintegritetspolicy f\u00f6rklarar hur vi samlar in och anv\u00e4nder din personliga information. Denbeskriver ocks\u00e5 dina r\u00e4ttigheter och hur du kan g\u00f6ra&hellip;&nbsp;<a href=\"https:\/\/eosab.se\/?page_id=33\" rel=\"bookmark\">Read More &raquo;<span class=\"screen-reader-text\">Integritetspolicy<\/span><\/a><\/p>\n","protected":false},"author":1,"featured_media":0,"parent":0,"menu_order":0,"comment_status":"closed","ping_status":"closed","template":"","meta":{"neve_meta_sidebar":"","neve_meta_container":"","neve_meta_enable_content_width":"","neve_meta_content_width":0,"neve_meta_title_alignment":"","neve_meta_author_avatar":"","neve_post_elements_order":"","neve_meta_disable_header":"","neve_meta_disable_footer":"","neve_meta_disable_title":"","neve_meta_reading_time":"","footnotes":""},"class_list":["post-33","page","type-page","status-publish","hentry"],"_links":{"self":[{"href":"https:\/\/eosab.se\/index.php?rest_route=\/wp\/v2\/pages\/33","targetHints":{"allow":["GET"]}}],"collection":[{"href":"https:\/\/eosab.se\/index.php?rest_route=\/wp\/v2\/pages"}],"about":[{"href":"https:\/\/eosab.se\/index.php?rest_route=\/wp\/v2\/types\/page"}],"author":[{"embeddable":true,"href":"https:\/\/eosab.se\/index.php?rest_route=\/wp\/v2\/users\/1"}],"replies":[{"embeddable":true,"href":"https:\/\/eosab.se\/index.php?rest_route=%2Fwp%2Fv2%2Fcomments&post=33"}],"version-history":[{"count":0,"href":"https:\/\/eosab.se\/index.php?rest_route=\/wp\/v2\/pages\/33\/revisions"}],"wp:attachment":[{"href":"https:\/\/eosab.se\/index.php?rest_route=%2Fwp%2Fv2%2Fmedia&parent=33"}],"curies":[{"name":"wp","href":"https:\/\/api.w.org\/{rel}","templated":true}]}}